{"id":378,"date":"2016-10-17T08:50:31","date_gmt":"2016-10-17T08:50:31","guid":{"rendered":"http:\/\/your_website_url_here\/rooms\/"},"modified":"2026-03-30T10:51:46","modified_gmt":"2026-03-30T14:51:46","slug":"hebergement","status":"publish","type":"page","link":"https:\/\/www.manoirdessapins.com\/fr\/hebergement\/","title":{"rendered":"H\u00e9bergement"},"content":{"rendered":"<p>H\u00e9bergement Une exp\u00e9rience conviviale en Gasp\u00e9sie L&rsquo;auberge nous transporte \u00e0 diff\u00e9rentes \u00e9poques, de la lampe \u00e0 l\u2019huile de votre grand-m\u00e8re \u00e0 la boule disco des ann\u00e9es 80. En conservant le caract\u00e8re typique et ancien du b\u00e2timent, nous conservons aussi son histoir <a href=\"https:\/\/www.manoirdessapins.com\/fr\/hebergement\/\" title=\"Read more on H\u00e9bergement\" class=\"more-link\">read more<\/a><\/p>\n","protected":false},"excerpt":{"rendered":"<p>H\u00e9bergement Une exp\u00e9rience conviviale en Gasp\u00e9sie L&rsquo;auberge nous transporte \u00e0 diff\u00e9rentes \u00e9poques, de la lampe \u00e0 l\u2019huile de votre grand-m\u00e8re \u00e0 la boule disco des ann\u00e9es 80. En conservant le caract\u00e8re typique et ancien du b\u00e2timent, nous conservons aussi son histoir read more<\/p>\n","protected":false},"author":1,"featured_media":0,"parent":0,"menu_order":0,"comment_status":"closed","ping_status":"closed","template":"","meta":[],"_links":{"self":[{"href":"https:\/\/www.manoirdessapins.com\/fr\/wp-json\/wp\/v2\/pages\/378"}],"collection":[{"href":"https:\/\/www.manoirdessapins.com\/fr\/wp-json\/wp\/v2\/pages"}],"about":[{"href":"https:\/\/www.manoirdessapins.com\/fr\/wp-json\/wp\/v2\/types\/page"}],"author":[{"embeddable":true,"href":"https:\/\/www.manoirdessapins.com\/fr\/wp-json\/wp\/v2\/users\/1"}],"replies":[{"embeddable":true,"href":"https:\/\/www.manoirdessapins.com\/fr\/wp-json\/wp\/v2\/comments?post=378"}],"version-history":[{"count":82,"href":"https:\/\/www.manoirdessapins.com\/fr\/wp-json\/wp\/v2\/pages\/378\/revisions"}],"predecessor-version":[{"id":2976,"href":"https:\/\/www.manoirdessapins.com\/fr\/wp-json\/wp\/v2\/pages\/378\/revisions\/2976"}],"wp:attachment":[{"href":"https:\/\/www.manoirdessapins.com\/fr\/wp-json\/wp\/v2\/media?parent=378"}],"curies":[{"name":"wp","href":"https:\/\/api.w.org\/{rel}","templated":true}]}}