{"id":17,"date":"2016-09-27T11:12:49","date_gmt":"2016-09-27T11:12:49","guid":{"rendered":"http:\/\/your_website_url_here\/?page_id=17"},"modified":"2022-03-13T20:26:47","modified_gmt":"2022-03-14T00:26:47","slug":"contact","status":"publish","type":"page","link":"https:\/\/www.manoirdessapins.com\/fr\/contact\/","title":{"rendered":"Contact"},"content":{"rendered":"<p>R\u00e9servations en ligne &nbsp; &nbsp; Pour les groupes, les familles nombreuses, les longs s\u00e9jours ( 7 jours et plus) ou toutes demandes particuli\u00e8res, l&rsquo;id\u00e9al est de nous t\u00e9l\u00e9phoner, il nous fera plaisir de discuter avec vous. S&rsquo;il n&rsquo;y a pas de disponib <a href=\"https:\/\/www.manoirdessapins.com\/fr\/contact\/\" title=\"Read more on Contact\" class=\"more-link\">read more<\/a><\/p>\n","protected":false},"excerpt":{"rendered":"<p>R\u00e9servations en ligne &nbsp; &nbsp; Pour les groupes, les familles nombreuses, les longs s\u00e9jours ( 7 jours et plus) ou toutes demandes particuli\u00e8res, l&rsquo;id\u00e9al est de nous t\u00e9l\u00e9phoner, il nous fera plaisir de discuter avec vous. S&rsquo;il n&rsquo;y a pas de disponib read more<\/p>\n","protected":false},"author":1,"featured_media":0,"parent":0,"menu_order":0,"comment_status":"closed","ping_status":"closed","template":"","meta":[],"_links":{"self":[{"href":"https:\/\/www.manoirdessapins.com\/fr\/wp-json\/wp\/v2\/pages\/17"}],"collection":[{"href":"https:\/\/www.manoirdessapins.com\/fr\/wp-json\/wp\/v2\/pages"}],"about":[{"href":"https:\/\/www.manoirdessapins.com\/fr\/wp-json\/wp\/v2\/types\/page"}],"author":[{"embeddable":true,"href":"https:\/\/www.manoirdessapins.com\/fr\/wp-json\/wp\/v2\/users\/1"}],"replies":[{"embeddable":true,"href":"https:\/\/www.manoirdessapins.com\/fr\/wp-json\/wp\/v2\/comments?post=17"}],"version-history":[{"count":62,"href":"https:\/\/www.manoirdessapins.com\/fr\/wp-json\/wp\/v2\/pages\/17\/revisions"}],"predecessor-version":[{"id":2476,"href":"https:\/\/www.manoirdessapins.com\/fr\/wp-json\/wp\/v2\/pages\/17\/revisions\/2476"}],"wp:attachment":[{"href":"https:\/\/www.manoirdessapins.com\/fr\/wp-json\/wp\/v2\/media?parent=17"}],"curies":[{"name":"wp","href":"https:\/\/api.w.org\/{rel}","templated":true}]}}