{"id":13,"date":"2016-09-27T11:12:02","date_gmt":"2016-09-27T11:12:02","guid":{"rendered":"http:\/\/your_website_url_here\/?page_id=13"},"modified":"2025-01-10T12:32:40","modified_gmt":"2025-01-10T17:32:40","slug":"activites","status":"publish","type":"page","link":"https:\/\/www.manoirdessapins.com\/fr\/activites\/","title":{"rendered":"Activit\u00e9s"},"content":{"rendered":"<p>Activit\u00e9s Si loin du b\u00e9ton si pr\u00e8s de tout&#8230; L\u2019auberge de Jeunesse du Manoir des Sapins est situ\u00e9e au coeur du village de Sainte-F\u00e9licit\u00e9, sur la route entre Matane et Sainte-Anne-des-Monts. Pour en savoir plus sur la r\u00e9gion c&rsquo;est ici -&gt; Tourisme Matane &# <a href=\"https:\/\/www.manoirdessapins.com\/fr\/activites\/\" title=\"Read more on Activit\u00e9s\" class=\"more-link\">read more<\/a><\/p>\n","protected":false},"excerpt":{"rendered":"<p>Activit\u00e9s Si loin du b\u00e9ton si pr\u00e8s de tout&#8230; L\u2019auberge de Jeunesse du Manoir des Sapins est situ\u00e9e au coeur du village de Sainte-F\u00e9licit\u00e9, sur la route entre Matane et Sainte-Anne-des-Monts. Pour en savoir plus sur la r\u00e9gion c&rsquo;est ici -&gt; Tourisme Matane &#038;# read more<\/p>\n","protected":false},"author":1,"featured_media":0,"parent":0,"menu_order":0,"comment_status":"closed","ping_status":"closed","template":"","meta":[],"_links":{"self":[{"href":"https:\/\/www.manoirdessapins.com\/fr\/wp-json\/wp\/v2\/pages\/13"}],"collection":[{"href":"https:\/\/www.manoirdessapins.com\/fr\/wp-json\/wp\/v2\/pages"}],"about":[{"href":"https:\/\/www.manoirdessapins.com\/fr\/wp-json\/wp\/v2\/types\/page"}],"author":[{"embeddable":true,"href":"https:\/\/www.manoirdessapins.com\/fr\/wp-json\/wp\/v2\/users\/1"}],"replies":[{"embeddable":true,"href":"https:\/\/www.manoirdessapins.com\/fr\/wp-json\/wp\/v2\/comments?post=13"}],"version-history":[{"count":37,"href":"https:\/\/www.manoirdessapins.com\/fr\/wp-json\/wp\/v2\/pages\/13\/revisions"}],"predecessor-version":[{"id":2875,"href":"https:\/\/www.manoirdessapins.com\/fr\/wp-json\/wp\/v2\/pages\/13\/revisions\/2875"}],"wp:attachment":[{"href":"https:\/\/www.manoirdessapins.com\/fr\/wp-json\/wp\/v2\/media?parent=13"}],"curies":[{"name":"wp","href":"https:\/\/api.w.org\/{rel}","templated":true}]}}